{"id":163,"date":"2014-07-30T19:06:07","date_gmt":"2014-07-30T19:06:07","guid":{"rendered":"http:\/\/www.goda-legal.hu\/?page_id=163"},"modified":"2021-08-11T19:32:48","modified_gmt":"2021-08-11T19:32:48","slug":"unsere-kanzlei","status":"publish","type":"page","link":"https:\/\/www.goda-legal.hu\/de\/unsere-kanzlei\/","title":{"rendered":"Unsere Kanzlei"},"content":{"rendered":"<p style=\"text-align: justify;\"><span style=\"color: #333333;\"><a href=\"http:\/\/www.goda-legal.hu\/wp-content\/uploads\/20140828_121827.jpg\"><img decoding=\"async\" loading=\"lazy\" class=\"alignleft wp-image-575 size-full\" src=\"http:\/\/www.goda-legal.hu\/wp-content\/uploads\/20140828_121827-e1409235381618.jpg\" alt=\"20140828_121827\" width=\"250\" height=\"156\" \/><\/a>F\u00fchrungskr\u00e4fte und Unternehmen jeglicher Gr\u00f6\u00dfenordnung schenken uns Tag f\u00fcr Tag ihr Vertrauen. Wir vertreten unsere Mandanten insbesondere in unserem Kerngebiet Arbeitsrecht und bieten ihnen praxisorientierte L\u00f6sungen zu den rechtlichen Herausforderungen, mit denen sie sich konfrontiert sehen. Wir erbringen Rechtsberatung auf h\u00f6chstem Niveau, folgen dem Grundsatz der verbindlichen und klaren Kommunikation und bieten eine gute telefonische Erreichbarkeit Ihres Ansprechpartners.<\/span><\/p>\n<p>Schwerpunkte unserer anwaltlichen T\u00e4tigkeit im Bereich des ungarischen Arbeitsrechts sind<\/p>\n<ul>\n<li>die \u00dcberpr\u00fcfung und Gestaltung von Dienstvertr\u00e4gen, insbesondere von Arbeits- und Gesch\u00e4ftsf\u00fchrervertr\u00e4gen,<\/li>\n<li>die \u00dcberpr\u00fcfung und Gestaltung von internen Regelungen (Policy),<br \/>\ndie Beratung und Vertretung unserer Mandanten bei Abmahnungen und K\u00fcndigungen,<\/li>\n<li>die \u00dcberpr\u00fcfung und Gestaltung von Aufhebungsvertr\u00e4gen, <br \/>\ndie Beratung unserer Mandanten im Hintergrund oder falls erw\u00fcnscht die Vertretung bei Verhandlungen mit der Gegenpartei,<\/li>\n<li>die rechtliche und wirtschaftliche Bewertung von Abfindungsvorschl\u00e4gen und das Aushandeln von Abfindungsvereinbarungen,<\/li>\n<li>die Beratung von Personalabteilungen zu Fragen des kollektiven Arbeitsrechts und des Betriebsverfassungsrechts.<\/li>\n<\/ul>\n<p>\nUnser Team besteht aus anerkannten Fachanw\u00e4lten f\u00fcr ungarisches Arbeitsrecht, die regelm\u00e4\u00dfig Vortr\u00e4ge auf Konferenzen und Fachseminaren halten, sowie Beitr\u00e4ge in diversen Fachzeitschriften und auf Internetportalen f\u00fcr Arbeitsrecht ver\u00f6ffentlichen. Unsere Kanzlei ist zudem Betreiber des Internetfachportals <a href=\"https:\/\/www.arbeitsrecht-ungarn.hu\" target=\"_blank\" rel=\"noopener\">arbeitsrecht-ungarn.hu<\/a>.<\/p>\n<p>Auf folgenden Seiten geben wir Ihnen einen Einblick in die T\u00e4tigkeiten unserer Kanzlei und stellen Ihnen unsere Rechtsanw\u00e4lte vor, die Ihnen bei der L\u00f6sung Ihrer rechtlichen Probleme gerne zur Seite stehen.<\/p>\n","protected":false},"excerpt":{"rendered":"<p>F\u00fchrungskr\u00e4fte und Unternehmen jeglicher Gr\u00f6\u00dfenordnung schenken uns Tag f\u00fcr Tag ihr Vertrauen. Wir vertreten unsere Mandanten insbesondere in unserem Kerngebiet Arbeitsrecht und bieten ihnen praxisorientierte L\u00f6sungen zu den rechtlichen Herausforderungen, mit denen sie sich konfrontiert sehen. Wir erbringen Rechtsberatung auf &hellip; <a href=\"https:\/\/www.goda-legal.hu\/de\/unsere-kanzlei\/\">Weiter&#8230; <span class=\"meta-nav\"><\/span><\/a><\/p>\n","protected":false},"author":1,"featured_media":0,"parent":0,"menu_order":0,"comment_status":"open","ping_status":"open","template":"","meta":{"inline_featured_image":false,"episode_type":"","audio_file":"","cover_image":"","cover_image_id":"","duration":"","filesize":"","date_recorded":"","explicit":"","block":"","itunes_episode_number":"","itunes_title":"","itunes_season_number":"","itunes_episode_type":"","filesize_raw":"","footnotes":""},"aioseo_notices":[],"_links":{"self":[{"href":"https:\/\/www.goda-legal.hu\/de\/wp-json\/wp\/v2\/pages\/163"}],"collection":[{"href":"https:\/\/www.goda-legal.hu\/de\/wp-json\/wp\/v2\/pages"}],"about":[{"href":"https:\/\/www.goda-legal.hu\/de\/wp-json\/wp\/v2\/types\/page"}],"author":[{"embeddable":true,"href":"https:\/\/www.goda-legal.hu\/de\/wp-json\/wp\/v2\/users\/1"}],"replies":[{"embeddable":true,"href":"https:\/\/www.goda-legal.hu\/de\/wp-json\/wp\/v2\/comments?post=163"}],"version-history":[{"count":9,"href":"https:\/\/www.goda-legal.hu\/de\/wp-json\/wp\/v2\/pages\/163\/revisions"}],"predecessor-version":[{"id":1080,"href":"https:\/\/www.goda-legal.hu\/de\/wp-json\/wp\/v2\/pages\/163\/revisions\/1080"}],"wp:attachment":[{"href":"https:\/\/www.goda-legal.hu\/de\/wp-json\/wp\/v2\/media?parent=163"}],"curies":[{"name":"wp","href":"https:\/\/api.w.org\/{rel}","templated":true}]}}