{"id":165,"date":"2014-07-30T19:07:08","date_gmt":"2014-07-30T19:07:08","guid":{"rendered":"http:\/\/www.goda-legal.hu\/?page_id=165"},"modified":"2021-08-12T18:51:10","modified_gmt":"2021-08-12T18:51:10","slug":"grunder-der-kanzlei","status":"publish","type":"page","link":"https:\/\/www.goda-legal.hu\/de\/grunder-der-kanzlei\/","title":{"rendered":"Gr\u00fcnder der Kanzlei"},"content":{"rendered":"<div class=\"myphoto\">\n<h2><a href=\"http:\/\/www.goda-legal.hu\/wp-content\/uploads\/mark_neu-e1408029839433.jpg\"><img decoding=\"async\" loading=\"lazy\" class=\"alignleft wp-image-527 size-large\" src=\"http:\/\/www.goda-legal.hu\/wp-content\/uploads\/mark_neu-867x1024.jpg\" alt=\"\" width=\"584\" height=\"690\" \/><\/a><strong>Dr. Goda Mark<br \/>\n<\/strong><strong>\u00fcgyv\u00e9d \u00e9s munkajogi szakjog\u00e1sz<\/strong><\/h2>\n<p>1012 Budapest<br \/>\nV\u00e1rfok u. 14. \/ II. em.\u00a0<br \/>\n@:\u00a0<a href=\"mailto:goda@goda-legal.hu\">goda kukac goda-legal pont hu<\/a><\/p>\n<\/div>\n<p>Sz\u00fcletett: 1974, N\u00fcrnberg \/ N\u00e9metorsz\u00e1g\u00a0<\/p>\n<p><strong>Tanulm\u00e1nyok \u00e9s tags\u00e1gok<\/strong>:\u00a0<\/p>\n<ul>\n<li>Jogi tanulm\u00e1nyait N\u00e9metorsz\u00e1gban a Bayreuth-i Egyetem Jogi Kar\u00e1n, valamint a\u00a0P\u00e9csi Tudom\u00e1nyegyetem \u00c1llam- \u00e9s Jogtudom\u00e1nyi Kar\u00e1n folytatta.<\/li>\n<li>A Goda \u00dcgyv\u00e9di Iroda alap\u00edt\u00f3ja.<\/li>\n<li>A Budapesti \u00dcgyv\u00e9di Kamar\u00e1ban bejegyzett \u00fcgyv\u00e9d.<\/li>\n<li>A Magyar Munkajogi T\u00e1rsas\u00e1g tagja.<\/li>\n<li>A Wirtschaftsjunioren Ungarn tagja.<\/li>\n<\/ul>\n<p><strong>Nyelvismeret<\/strong>:\u00a0<\/p>\n<ul>\n<li>n\u00e9met (anyanyelv)<\/li>\n<li>magyar (anyanyelvi szint)<\/li>\n<li>angol (fels\u0151fok)<\/li>\n<\/ul>\n<p><strong>Szakmai tapasztalat<\/strong>:<\/p>\n<ul>\n<li>Rechtsanw\u00e4lte Nagy Z\u00e4h &amp; Partner \/ N\u00fcrnberg<\/li>\n<li>Cerha Hempel Spiegelfeld Hlawati Sz\u00e9cs\u00e9nyi\u00a0\/ Budapest \u00e9s B\u00e9cs<\/li>\n<li>DLA Piper Weiss-Tessbach Horv\u00e1th &amp; T\u00e1rsai\u00a0\/ Budapest<\/li>\n<\/ul>\n<p><strong>Publik\u00e1ci\u00f3k \u00e9s interj\u00fak<\/strong><\/p>\n<ul>\n<li><a href=\"http:\/\/www.goda-legal.hu\/category\/publikaciok-interjuk\" target=\"_blank\" rel=\"noopener noreferrer\"><span style=\"color: #0000ff;\"><span style=\"color: #3366ff;\"><span style=\"color: #993366;\"><span style=\"color: #800080;\"><span style=\"color: #333399;\"><span style=\"color: #000000;\"><span style=\"color: #808080;\"><span style=\"color: #666699;\"><span style=\"color: #333333;\"><span style=\"color: #808080;\">Publik\u00e1ci\u00f3k\u00a0<\/span><\/span><\/span><\/span><\/span><\/span><\/span><\/span><\/span><\/span><span style=\"color: #808080;\">\u2192<\/span><\/a><\/li>\n<li><span style=\"color: #808080;\"><a style=\"color: #808080;\" href=\"http:\/\/www.goda-legal.hu\/category\/publikaciok-interjuk\" target=\"_blank\" rel=\"noopener noreferrer\">Interj\u00fak \u2192<\/a><\/span><\/li>\n<\/ul>\n","protected":false},"excerpt":{"rendered":"<p>Dr. Goda Mark \u00fcgyv\u00e9d \u00e9s munkajogi szakjog\u00e1sz 1012 Budapest V\u00e1rfok u. 14. \/ II. em.\u00a0 @:\u00a0goda kukac goda-legal pont hu Sz\u00fcletett: 1974, N\u00fcrnberg \/ N\u00e9metorsz\u00e1g\u00a0 Tanulm\u00e1nyok \u00e9s tags\u00e1gok:\u00a0 Jogi tanulm\u00e1nyait N\u00e9metorsz\u00e1gban a Bayreuth-i Egyetem Jogi Kar\u00e1n, valamint a\u00a0P\u00e9csi Tudom\u00e1nyegyetem \u00c1llam- &hellip; <a href=\"https:\/\/www.goda-legal.hu\/de\/grunder-der-kanzlei\/\">Weiter&#8230; <span class=\"meta-nav\"><\/span><\/a><\/p>\n","protected":false},"author":1,"featured_media":0,"parent":0,"menu_order":0,"comment_status":"open","ping_status":"open","template":"","meta":{"inline_featured_image":false,"episode_type":"","audio_file":"","cover_image":"","cover_image_id":"","duration":"","filesize":"","date_recorded":"","explicit":"","block":"","itunes_episode_number":"","itunes_title":"","itunes_season_number":"","itunes_episode_type":"","filesize_raw":"","footnotes":""},"aioseo_notices":[],"_links":{"self":[{"href":"https:\/\/www.goda-legal.hu\/de\/wp-json\/wp\/v2\/pages\/165"}],"collection":[{"href":"https:\/\/www.goda-legal.hu\/de\/wp-json\/wp\/v2\/pages"}],"about":[{"href":"https:\/\/www.goda-legal.hu\/de\/wp-json\/wp\/v2\/types\/page"}],"author":[{"embeddable":true,"href":"https:\/\/www.goda-legal.hu\/de\/wp-json\/wp\/v2\/users\/1"}],"replies":[{"embeddable":true,"href":"https:\/\/www.goda-legal.hu\/de\/wp-json\/wp\/v2\/comments?post=165"}],"version-history":[{"count":8,"href":"https:\/\/www.goda-legal.hu\/de\/wp-json\/wp\/v2\/pages\/165\/revisions"}],"predecessor-version":[{"id":1079,"href":"https:\/\/www.goda-legal.hu\/de\/wp-json\/wp\/v2\/pages\/165\/revisions\/1079"}],"wp:attachment":[{"href":"https:\/\/www.goda-legal.hu\/de\/wp-json\/wp\/v2\/media?parent=165"}],"curies":[{"name":"wp","href":"https:\/\/api.w.org\/{rel}","templated":true}]}}