{"id":173,"date":"2014-07-30T19:13:08","date_gmt":"2014-07-30T19:13:08","guid":{"rendered":"http:\/\/www.goda-legal.hu\/?page_id=173"},"modified":"2021-04-08T21:22:29","modified_gmt":"2021-04-08T21:22:29","slug":"kontakt","status":"publish","type":"page","link":"https:\/\/www.goda-legal.hu\/de\/kontakt\/","title":{"rendered":"Kontakt"},"content":{"rendered":"<h5>GODA \u00dcGYV\u00c9DI IRODA<\/h5>\n<p>1012 Budapest<br \/>\nI. ker\u00fclet<br \/>\nV\u00e1rfok utca 14 \/ II. em.<\/p>\n<p>Telefon: +36-30-3315 609<\/p>\n<p>E-Mail: <script type=\"text\/javascript\"> \/\/ <!-- \neval(unescape('%64%6f%63%75%6d%65%6e%74%2e%77%72%69%74%65%28%27%3c%61%20%68%72%65%66%3d%22%6d%61%69%6c%74%6f%3a%67%6f%64%61%40%67%6f%64%61%2d%6c%65%67%61%6c%2e%68%75%22%3e%67%6f%64%61%20%6b%75%6b%61%63%20%67%6f%64%61%2d%6c%65%67%61%6c%20%70%6f%6e%74%20%68%75%3c%2f%61%3e%27%29'))\n\/\/ --> <\/script><\/p>\n<p><iframe loading=\"lazy\" style=\"border: 0;\" src=\"https:\/\/www.google.com\/maps\/embed?pb=!1m14!1m8!1m3!1d2695.1839921739743!2d19.025582900000003!3d47.50580790000001!3m2!1i1024!2i768!4f13.1!3m3!1m2!1s0x4741dea07cbd414b%3A0xa6b075e7d0262899!2sV%C3%A1rfok+utca+14!5e0!3m2!1shu!2shu!4v1404035889153\" width=\"100%\" height=\"450\" frameborder=\"0\" data-mce-fragment=\"1\"><\/iframe><\/p>\n","protected":false},"excerpt":{"rendered":"<p>GODA \u00dcGYV\u00c9DI IRODA 1012 Budapest I. ker\u00fclet V\u00e1rfok utca 14 \/ II. em. Telefon: +36-30-3315 609 E-Mail:<\/p>\n","protected":false},"author":1,"featured_media":0,"parent":0,"menu_order":0,"comment_status":"open","ping_status":"open","template":"","meta":{"inline_featured_image":false,"episode_type":"","audio_file":"","cover_image":"","cover_image_id":"","duration":"","filesize":"","date_recorded":"","explicit":"","block":"","itunes_episode_number":"","itunes_title":"","itunes_season_number":"","itunes_episode_type":"","filesize_raw":"","footnotes":""},"aioseo_notices":[],"_links":{"self":[{"href":"https:\/\/www.goda-legal.hu\/de\/wp-json\/wp\/v2\/pages\/173"}],"collection":[{"href":"https:\/\/www.goda-legal.hu\/de\/wp-json\/wp\/v2\/pages"}],"about":[{"href":"https:\/\/www.goda-legal.hu\/de\/wp-json\/wp\/v2\/types\/page"}],"author":[{"embeddable":true,"href":"https:\/\/www.goda-legal.hu\/de\/wp-json\/wp\/v2\/users\/1"}],"replies":[{"embeddable":true,"href":"https:\/\/www.goda-legal.hu\/de\/wp-json\/wp\/v2\/comments?post=173"}],"version-history":[{"count":3,"href":"https:\/\/www.goda-legal.hu\/de\/wp-json\/wp\/v2\/pages\/173\/revisions"}],"predecessor-version":[{"id":1051,"href":"https:\/\/www.goda-legal.hu\/de\/wp-json\/wp\/v2\/pages\/173\/revisions\/1051"}],"wp:attachment":[{"href":"https:\/\/www.goda-legal.hu\/de\/wp-json\/wp\/v2\/media?parent=173"}],"curies":[{"name":"wp","href":"https:\/\/api.w.org\/{rel}","templated":true}]}}