{"id":202,"date":"2014-07-30T20:07:00","date_gmt":"2014-07-30T20:07:00","guid":{"rendered":"http:\/\/www.goda-legal.hu\/?page_id=202"},"modified":"2021-04-10T20:30:35","modified_gmt":"2021-04-10T20:30:35","slug":"impressum","status":"publish","type":"page","link":"https:\/\/www.goda-legal.hu\/de\/impressum\/","title":{"rendered":"Impressum"},"content":{"rendered":"<h5>A honlap tulajdonos\u00e1nak adatai:<\/h5>\n<p>Goda \u00dcgyv\u00e9di Iroda<br \/>\n1012 Budapest<br \/>\nV\u00e1rfok u. 14. \/ II. em.<\/p>\n<p>Telefon: 0036-30-3315 609<br \/>\nE-mail:\u00a0<a style=\"color: #305271;\" href=\"mailto:goda@goda-legal.hu\">goda kukac goda-legal pont hu<\/a><\/p>\n<p style=\"text-align: left;\">Kamarai tags\u00e1g:\u00a0A Goda \u00dcgyv\u00e9di Iroda a Budapesti \u00dcgyv\u00e9di Kamara \u00e1ltal bejegyzett \u00fcgyv\u00e9di iroda.\u00a0<\/p>\n<p style=\"text-align: left;\">Ad\u00f3sz\u00e1m:\u00a018260979-2-41<\/p>\n<p>Banksz\u00e1mlasz\u00e1m: 11709002 20614485<\/p>\n<p>&nbsp;<\/p>\n<h5>A t\u00e1rhely-szolg\u00e1ltat\u00f3 adatai:<\/h5>\n<p>MAXER Hosting Kft.<br \/>\nC\u00e9gjegyz\u00e9ksz\u00e1m: Cg. 08-09-013763<br \/>\nAd\u00f3sz\u00e1m: 13670452-2-08<\/p>\n<p>Telefon.: 0036 \/ 1 \/ 257 99 13<br \/>\nTelefax: 0036 \/ 1 \/ 700 19 51<br \/>\nE-mail:\u00a0<a href=\"mailto:support@maxer.hu\">support@maxer.hu<\/a><\/p>\n<p>&nbsp;<\/p>\n","protected":false},"excerpt":{"rendered":"<p>A honlap tulajdonos\u00e1nak adatai: Goda \u00dcgyv\u00e9di Iroda 1012 Budapest V\u00e1rfok u. 14. \/ II. em. Telefon: 0036-30-3315 609 E-mail:\u00a0goda kukac goda-legal pont hu Kamarai tags\u00e1g:\u00a0A Goda \u00dcgyv\u00e9di Iroda a Budapesti \u00dcgyv\u00e9di Kamara \u00e1ltal bejegyzett \u00fcgyv\u00e9di iroda.\u00a0 Ad\u00f3sz\u00e1m:\u00a018260979-2-41 Banksz\u00e1mlasz\u00e1m: 11709002 20614485 &hellip; <a href=\"https:\/\/www.goda-legal.hu\/de\/impressum\/\">Weiter&#8230; <span class=\"meta-nav\"><\/span><\/a><\/p>\n","protected":false},"author":1,"featured_media":0,"parent":0,"menu_order":0,"comment_status":"open","ping_status":"open","template":"","meta":{"inline_featured_image":false,"episode_type":"","audio_file":"","cover_image":"","cover_image_id":"","duration":"","filesize":"","date_recorded":"","explicit":"","block":"","itunes_episode_number":"","itunes_title":"","itunes_season_number":"","itunes_episode_type":"","filesize_raw":"","footnotes":""},"aioseo_notices":[],"_links":{"self":[{"href":"https:\/\/www.goda-legal.hu\/de\/wp-json\/wp\/v2\/pages\/202"}],"collection":[{"href":"https:\/\/www.goda-legal.hu\/de\/wp-json\/wp\/v2\/pages"}],"about":[{"href":"https:\/\/www.goda-legal.hu\/de\/wp-json\/wp\/v2\/types\/page"}],"author":[{"embeddable":true,"href":"https:\/\/www.goda-legal.hu\/de\/wp-json\/wp\/v2\/users\/1"}],"replies":[{"embeddable":true,"href":"https:\/\/www.goda-legal.hu\/de\/wp-json\/wp\/v2\/comments?post=202"}],"version-history":[{"count":2,"href":"https:\/\/www.goda-legal.hu\/de\/wp-json\/wp\/v2\/pages\/202\/revisions"}],"predecessor-version":[{"id":1068,"href":"https:\/\/www.goda-legal.hu\/de\/wp-json\/wp\/v2\/pages\/202\/revisions\/1068"}],"wp:attachment":[{"href":"https:\/\/www.goda-legal.hu\/de\/wp-json\/wp\/v2\/media?parent=202"}],"curies":[{"name":"wp","href":"https:\/\/api.w.org\/{rel}","templated":true}]}}