{"id":204,"date":"2014-07-30T20:09:43","date_gmt":"2014-07-30T20:09:43","guid":{"rendered":"http:\/\/www.goda-legal.hu\/?page_id=204"},"modified":"2021-04-10T20:33:10","modified_gmt":"2021-04-10T20:33:10","slug":"rechtserklarung","status":"publish","type":"page","link":"https:\/\/www.goda-legal.hu\/de\/rechtserklarung\/","title":{"rendered":"Rechtserkl\u00e4rung"},"content":{"rendered":"<p style=\"text-align: justify;\">Az oldal megtekint\u00e9s\u00e9vel a l\u00e1togat\u00f3 elfogadja az al\u00e1bbi felt\u00e9teleket:<\/p>\n<p style=\"text-align: justify;\">A honlapon megjelen\u0151 tartalom, \u00edgy a sz\u00f6veges szerz\u0151i m\u0171vek,fot\u00f3m\u0171v\u00e9szeti alkot\u00e1sok, grafikus alkot\u00e1sok szerz\u0151i jogi oltalom alatt \u00e1llnak, melyre tekintettel felhaszn\u00e1l\u00e1suk a jogosult \u00edr\u00e1sbeli enged\u00e9ly\u00e9hez k\u00f6t\u00f6tt. A honlap sz\u00f6veges m\u0171veinek szerz\u0151je \u00e9s kiz\u00e1r\u00f3lagos jogosultja a Goda\u00a0\u00dcgyv\u00e9di Iroda.<\/p>\n<p style=\"text-align: justify;\">Az Iroda fenntartja a jogot, hogy a honlap tartalm\u00e1t r\u00e9szben vagy eg\u00e9szben b\u00e1rmikor megv\u00e1ltoztassa.<\/p>\n<p style=\"text-align: justify;\">A honlapon elhelyezett linkkel hivatkozott, harmadik szem\u00e9lyek \u00e1ltal fenntartott k\u00fcls\u0151 oldalak tartalm\u00e1\u00e9rt az Iroda semmilyen felel\u0151ss\u00e9get nem v\u00e1llal.<\/p>\n<p style=\"text-align: justify;\">A honlapon elhelyezett egyetlen k\u00f6zl\u00e9s sem tekinthet\u0151 szerz\u0151d\u00e9si aj\u00e1nlatnak vagy szerz\u0151d\u00e9si aj\u00e1nlat elfogad\u00e1s\u00e1nak.<\/p>\n<p style=\"text-align: justify;\">A honlapot futtat\u00f3 szerver nem t\u00e1rolja a honlap l\u00e1togat\u00f3inak szem\u00e9lyes adatait.<\/p>\n","protected":false},"excerpt":{"rendered":"<p>Az oldal megtekint\u00e9s\u00e9vel a l\u00e1togat\u00f3 elfogadja az al\u00e1bbi felt\u00e9teleket: A honlapon megjelen\u0151 tartalom, \u00edgy a sz\u00f6veges szerz\u0151i m\u0171vek,fot\u00f3m\u0171v\u00e9szeti alkot\u00e1sok, grafikus alkot\u00e1sok szerz\u0151i jogi oltalom alatt \u00e1llnak, melyre tekintettel felhaszn\u00e1l\u00e1suk a jogosult \u00edr\u00e1sbeli enged\u00e9ly\u00e9hez k\u00f6t\u00f6tt. A honlap sz\u00f6veges m\u0171veinek szerz\u0151je \u00e9s &hellip; <a href=\"https:\/\/www.goda-legal.hu\/de\/rechtserklarung\/\">Weiter&#8230; <span class=\"meta-nav\"><\/span><\/a><\/p>\n","protected":false},"author":1,"featured_media":0,"parent":0,"menu_order":0,"comment_status":"open","ping_status":"open","template":"","meta":{"inline_featured_image":false,"episode_type":"","audio_file":"","cover_image":"","cover_image_id":"","duration":"","filesize":"","date_recorded":"","explicit":"","block":"","itunes_episode_number":"","itunes_title":"","itunes_season_number":"","itunes_episode_type":"","filesize_raw":"","footnotes":""},"aioseo_notices":[],"_links":{"self":[{"href":"https:\/\/www.goda-legal.hu\/de\/wp-json\/wp\/v2\/pages\/204"}],"collection":[{"href":"https:\/\/www.goda-legal.hu\/de\/wp-json\/wp\/v2\/pages"}],"about":[{"href":"https:\/\/www.goda-legal.hu\/de\/wp-json\/wp\/v2\/types\/page"}],"author":[{"embeddable":true,"href":"https:\/\/www.goda-legal.hu\/de\/wp-json\/wp\/v2\/users\/1"}],"replies":[{"embeddable":true,"href":"https:\/\/www.goda-legal.hu\/de\/wp-json\/wp\/v2\/comments?post=204"}],"version-history":[{"count":2,"href":"https:\/\/www.goda-legal.hu\/de\/wp-json\/wp\/v2\/pages\/204\/revisions"}],"predecessor-version":[{"id":1069,"href":"https:\/\/www.goda-legal.hu\/de\/wp-json\/wp\/v2\/pages\/204\/revisions\/1069"}],"wp:attachment":[{"href":"https:\/\/www.goda-legal.hu\/de\/wp-json\/wp\/v2\/media?parent=204"}],"curies":[{"name":"wp","href":"https:\/\/api.w.org\/{rel}","templated":true}]}}