{"id":208,"date":"2014-07-30T20:13:28","date_gmt":"2014-07-30T20:13:28","guid":{"rendered":"http:\/\/www.goda-legal.hu\/?page_id=208"},"modified":"2021-04-10T20:34:01","modified_gmt":"2021-04-10T20:34:01","slug":"allgemeine-geschaftsbedingungen","status":"publish","type":"page","link":"https:\/\/www.goda-legal.hu\/de\/allgemeine-geschaftsbedingungen\/","title":{"rendered":"Allgemeine Gesch\u00e4ftsbedingungen"},"content":{"rendered":"<p style=\"text-align: justify;\">Der Inhalt unserer Webseite\u00a0wurde mit gr\u00f6\u00dfter Sorgfalt und nach bestem Wissen und Gewissen erstellt. Weder die Betreiber der\u00a0Webseite, noch die jeweiligen Autoren \u00fcbernehmen eine Haftung f\u00fcr die Richtigkeit und Vollst\u00e4ndigkeit des Inhalts der Texte und Dateien, welche auf der\u00a0Webseite\u00a0\u201egoda-legal.hu\u201c ver\u00f6ffentlicht werden.<\/p>\n<p style=\"text-align: justify;\">Die Haftung f\u00fcr Inhalte, die vom Server des Betreibers aus abrufbar sind, ist ausgeschlossen, soweit es sich nicht um vors\u00e4tzliche oder grob fahrl\u00e4ssige Falschinformationen handelt und diese in Ungarn abgerufen werden. Bei einem Abruf der Inhalte in Staaten au\u00dferhalb Ungarns wird die Haftung in vollem Umfang ausgeschlossen.<\/p>\n<p style=\"text-align: justify;\">Wir weisen ausdr\u00fccklich darauf hin, dass es trotz des Anspruchs auf eine Aktualit\u00e4t der Textinhalte m\u00f6glich sein kann, dass sich Angaben nicht auf dem neuesten Stand befinden. \u00dcber Hinweise hierzu sind wir jederzeit dankbar. Es wird auch darauf hingewiesen, dass durch das Bereitstellen der Informationen kein Beratungsverh\u00e4ltnis begr\u00fcndet wird. Zum Zeitpunkt einer Hyperlinksetzung waren die von uns verlinkten Seiten frei von illegalen Inhalten.<\/p>\n<p style=\"text-align: justify;\"><strong>Urheberrechte<\/strong><\/p>\n<p style=\"text-align: justify;\">Alle auf unserer Webseite\u00a0ver\u00f6ffentlichten Inhalte sind urheberrechtlich gesch\u00fctzt. Jede Ver\u00f6ffentlichung \u2013 auch auszugsweise \u2013 bedarf der vorherigen Zustimmung des Fachportals und der jeweiligen Autoren.<\/p>\n<p style=\"text-align: justify;\"><strong>Cookies<\/strong><\/p>\n<p style=\"text-align: justify;\"><span lang=\"DE\">Diese Website benutzt Google Analytics, einen Webanalysedienst der Google Inc. (\u201eGoogle\u201c). Google Analytics verwendet so genannte \u201eCookies\u201c, Textdateien, die auf Ihrem Computer gespeichert werden und die eine Analyse der Benutzung der Website durch Sie erm\u00f6glichen. Die durch den Cookie erzeugten Informationen \u00fcber Ihre Benutzung dieser Website (einschlie\u00dflich Ihrer IP-Adresse) werden an einen Server von Google in den USA \u00fcbertragen und dort gespeichert. Google wird diese Informationen benutzen, um Ihre Nutzung der Website auszuwerten, um Reports \u00fcber die Websiteaktivit\u00e4ten f\u00fcr die Websitebetreiber zusammenzustellen und um weitere mit der Websitenutzung und der Internetnutzung verbundene Dienstleistungen zu erbringen. Auch wird Google diese Informationen gegebenenfalls an Dritte \u00fcbertragen, sofern dies gesetzlich vorgeschrieben oder soweit Dritte diese Daten im Auftrag von Google verarbeiten. Google wird in keinem Fall Ihre IP-Adresse mit anderen Daten von Google in Verbindung bringen. Sie k\u00f6nnen die Installation der Cookies durch eine entsprechende Einstellung Ihrer Browser Software verhindern; wir weisen Sie jedoch darauf hin, dass Sie in diesem Fall gegebenenfalls nicht s\u00e4mtliche Funktionen dieser Website vollumf\u00e4nglich nutzen k\u00f6nnen. Durch die Nutzung dieser Website erkl\u00e4ren Sie sich mit der Bearbeitung der \u00fcber Sie erhobenen Daten durch Google in der zuvor beschriebenen Art und Weise und zu dem zuvor benannten Zweck einverstanden. Der Datenerhebung und -speicherung kann jederzeit mit Wirkung f\u00fcr die Zukunft widersprochen werden. Angesichts der Diskussion um den Einsatz von Analysetools mit vollst\u00e4ndigen IP-Adressen m\u00f6chten wir darauf hinweisen, dass diese Website Google Analytics mit der Erweiterung \u201e_anonymizeIp()\u201c verwendet und daher IP-Adressen nur gek\u00fcrzt weiterverarbeitet werden, um eine direkte Personenbeziehbarkeit auszuschlie\u00dfen.\u201c\u00a0<\/span><\/p>\n","protected":false},"excerpt":{"rendered":"<p>Der Inhalt unserer Webseite\u00a0wurde mit gr\u00f6\u00dfter Sorgfalt und nach bestem Wissen und Gewissen erstellt. Weder die Betreiber der\u00a0Webseite, noch die jeweiligen Autoren \u00fcbernehmen eine Haftung f\u00fcr die Richtigkeit und Vollst\u00e4ndigkeit des Inhalts der Texte und Dateien, welche auf der\u00a0Webseite\u00a0\u201egoda-legal.hu\u201c ver\u00f6ffentlicht &hellip; <a href=\"https:\/\/www.goda-legal.hu\/de\/allgemeine-geschaftsbedingungen\/\">Weiter&#8230; <span class=\"meta-nav\"><\/span><\/a><\/p>\n","protected":false},"author":1,"featured_media":0,"parent":0,"menu_order":0,"comment_status":"open","ping_status":"open","template":"","meta":{"inline_featured_image":false,"episode_type":"","audio_file":"","cover_image":"","cover_image_id":"","duration":"","filesize":"","date_recorded":"","explicit":"","block":"","itunes_episode_number":"","itunes_title":"","itunes_season_number":"","itunes_episode_type":"","filesize_raw":"","footnotes":""},"aioseo_notices":[],"_links":{"self":[{"href":"https:\/\/www.goda-legal.hu\/de\/wp-json\/wp\/v2\/pages\/208"}],"collection":[{"href":"https:\/\/www.goda-legal.hu\/de\/wp-json\/wp\/v2\/pages"}],"about":[{"href":"https:\/\/www.goda-legal.hu\/de\/wp-json\/wp\/v2\/types\/page"}],"author":[{"embeddable":true,"href":"https:\/\/www.goda-legal.hu\/de\/wp-json\/wp\/v2\/users\/1"}],"replies":[{"embeddable":true,"href":"https:\/\/www.goda-legal.hu\/de\/wp-json\/wp\/v2\/comments?post=208"}],"version-history":[{"count":2,"href":"https:\/\/www.goda-legal.hu\/de\/wp-json\/wp\/v2\/pages\/208\/revisions"}],"predecessor-version":[{"id":1070,"href":"https:\/\/www.goda-legal.hu\/de\/wp-json\/wp\/v2\/pages\/208\/revisions\/1070"}],"wp:attachment":[{"href":"https:\/\/www.goda-legal.hu\/de\/wp-json\/wp\/v2\/media?parent=208"}],"curies":[{"name":"wp","href":"https:\/\/api.w.org\/{rel}","templated":true}]}}